{"id":7,"date":"2021-10-30T23:56:49","date_gmt":"2021-10-30T21:56:49","guid":{"rendered":"http:\/\/www.avensys-software.com\/?page_id=7"},"modified":"2022-04-18T15:19:23","modified_gmt":"2022-04-18T13:19:23","slug":"adobe-creation-digital-photoshop-indesign-acrobat-illustrator-pao","status":"publish","type":"page","link":"https:\/\/www.avensys-software.com\/index.php\/adobe-creation-digital-photoshop-indesign-acrobat-illustrator-pao\/","title":{"rendered":"Adobe"},"content":{"rendered":"\n<figure class=\"wp-block-image size-full is-resized\"><a href=\"https:\/\/www.adobe.com\/fr\/\"><img loading=\"lazy\" decoding=\"async\" src=\"http:\/\/www.avensys-software.com\/wp-content\/uploads\/2022\/04\/Adobe_Logo_Standard.svg_.png\" alt=\"\" class=\"wp-image-70\" width=\"99\" height=\"136\" srcset=\"https:\/\/www.avensys-software.com\/wp-content\/uploads\/2022\/04\/Adobe_Logo_Standard.svg_.png 744w, https:\/\/www.avensys-software.com\/wp-content\/uploads\/2022\/04\/Adobe_Logo_Standard.svg_-218x300.png 218w\" sizes=\"auto, (max-width: 99px) 100vw, 99px\" \/><\/a><\/figure>\n\n\n\n<p>Vous cherchez des solutions pour simuler votre cr\u00e9ativit\u00e9.\u00a0Les solutions Adobe d&#8217;innovations permettent de repousser les limites des exp\u00e9riences digitales. En connectant le contenu et les donn\u00e9es, et par l&#8217;introduction de nouvelles technologies qui d\u00e9mocratisent la cr\u00e9ation, fa\u00e7onnent le storytelling de demain et inspirent de toutes nouvelles cat\u00e9gories d\u2019entreprises. <\/p>\n\n\n\n<figure class=\"wp-block-image size-large is-resized\"><img loading=\"lazy\" decoding=\"async\" src=\"http:\/\/www.avensys-software.com\/wp-content\/uploads\/2022\/02\/dt_ps_ipad_marquee_3840x1660-1024x726.jpeg\" alt=\"iPad education\" class=\"wp-image-59\" width=\"840\" height=\"595\" srcset=\"https:\/\/www.avensys-software.com\/wp-content\/uploads\/2022\/02\/dt_ps_ipad_marquee_3840x1660-1024x726.jpeg 1024w, https:\/\/www.avensys-software.com\/wp-content\/uploads\/2022\/02\/dt_ps_ipad_marquee_3840x1660-300x213.jpeg 300w, https:\/\/www.avensys-software.com\/wp-content\/uploads\/2022\/02\/dt_ps_ipad_marquee_3840x1660-768x545.jpeg 768w, https:\/\/www.avensys-software.com\/wp-content\/uploads\/2022\/02\/dt_ps_ipad_marquee_3840x1660.jpeg 1225w\" sizes=\"auto, (max-width: 840px) 100vw, 840px\" \/><\/figure>\n\n\n\n<p>Revendeur certifi\u00e9 Commercial, Education et Gouvernement par Adobe, AVENSYS se fera un plaisir de vous apporter un conseil personnalis\u00e9 sur les diff\u00e9rents programmes de licences Adobe. Nous vous proposons les 3 principaux programmes d&#8217;acquisition (TLP Commercial, TLP Education ou TLP Gouvernement) ou d&#8217;abonnement aux logiciels Adobe (VIP Commercial, VIP Education, VIP Gouv ou VIP Select). Nous poss\u00e9dons toute la suite Adobe Creative Cloud, Acrobat Standard, ou Acrobat Pro, Illustrator, Photoshop, Premiere Pro, InDesign. Avec Creative Cloud vous avez acc\u00e8s \u00e0 toutes la suite Adobe et ses applications. <\/p>\n\n\n\n<p>Acrobat standard ou pro qui vous permet de g\u00e9rer les documents en PDF, pouvoir les modifier, signer un document en ligne, &#8230; <\/p>\n\n\n\n<p>Illustrator, Photoshop, InDesign vous permettent de r\u00e9aliser toutes sortes de design, comme des logos, ils vous permettent aussi de faire des retouches de photo, des montages photos, &#8230; <\/p>\n\n\n\n<p>Premiere Pro est une solution pour r\u00e9aliser vos montages vid\u00e9os. Nous sommes certifi\u00e9s Adobe Commercial, Education et Gouvernement pour toutes questions n&#8217;h\u00e9sitez pas \u00e0 nous contacter.<\/p>\n","protected":false},"excerpt":{"rendered":"<p>Vous cherchez des solutions pour simuler votre cr\u00e9ativit\u00e9.\u00a0Les solutions Adobe d&#8217;innovations permettent de repousser les limites des exp\u00e9riences digitales. En connectant le contenu et les donn\u00e9es, et par l&#8217;introduction de nouvelles technologies qui d\u00e9mocratisent la cr\u00e9ation, fa\u00e7onnent le storytelling de demain et inspirent de toutes nouvelles cat\u00e9gories d\u2019entreprises. Revendeur certifi\u00e9 Commercial, Education et Gouvernement par [&hellip;]<\/p>\n","protected":false},"author":1,"featured_media":0,"parent":0,"menu_order":0,"comment_status":"closed","ping_status":"closed","template":"","meta":{"footnotes":""},"class_list":["post-7","page","type-page","status-publish","hentry"],"yoast_head":"<!-- This site is optimized with the Yoast SEO plugin v27.4 - https:\/\/yoast.com\/product\/yoast-seo-wordpress\/ -->\n<title>Adobe cloud photoshop Acrobat Adobe - Creation Illustrator PAO WEB<\/title>\n<meta name=\"description\" content=\"Les produits Adobe pour la cr\u00e9ation. Illustrator le dessin. Photoshop le traitement des images. Acrobat publication en ligne.\" \/>\n<meta name=\"robots\" content=\"index, follow, max-snippet:-1, max-image-preview:large, max-video-preview:-1\" \/>\n<link rel=\"canonical\" href=\"http:\/\/www.avensys-software.com\/index.php\/adobe-creation-digital-photoshop-indesign-acrobat-illustrator-pao\/\" \/>\n<meta property=\"og:locale\" content=\"en_US\" \/>\n<meta property=\"og:type\" content=\"article\" \/>\n<meta property=\"og:title\" content=\"Adobe cloud photoshop Acrobat Adobe - Creation Illustrator PAO WEB\" \/>\n<meta property=\"og:description\" content=\"Les produits Adobe pour la cr\u00e9ation. Illustrator le dessin. Photoshop le traitement des images. Acrobat publication en ligne.\" \/>\n<meta property=\"og:url\" content=\"http:\/\/www.avensys-software.com\/index.php\/adobe-creation-digital-photoshop-indesign-acrobat-illustrator-pao\/\" \/>\n<meta property=\"article:modified_time\" content=\"2022-04-18T13:19:23+00:00\" \/>\n<meta property=\"og:image\" content=\"http:\/\/www.avensys-software.com\/wp-content\/uploads\/2022\/04\/Adobe_Logo_Standard.svg_.png\" \/>\n<meta name=\"twitter:card\" content=\"summary_large_image\" \/>\n<meta name=\"twitter:label1\" content=\"Est. reading time\" \/>\n\t<meta name=\"twitter:data1\" content=\"2 minutes\" \/>\n<script type=\"application\/ld+json\" class=\"yoast-schema-graph\">{\"@context\":\"https:\\\/\\\/schema.org\",\"@graph\":[{\"@type\":\"WebPage\",\"@id\":\"http:\\\/\\\/www.avensys-software.com\\\/index.php\\\/adobe-creation-digital-photoshop-indesign-acrobat-illustrator-pao\\\/\",\"url\":\"http:\\\/\\\/www.avensys-software.com\\\/index.php\\\/adobe-creation-digital-photoshop-indesign-acrobat-illustrator-pao\\\/\",\"name\":\"Adobe cloud photoshop Acrobat Adobe - Creation Illustrator PAO WEB\",\"isPartOf\":{\"@id\":\"https:\\\/\\\/www.avensys-software.com\\\/#website\"},\"primaryImageOfPage\":{\"@id\":\"http:\\\/\\\/www.avensys-software.com\\\/index.php\\\/adobe-creation-digital-photoshop-indesign-acrobat-illustrator-pao\\\/#primaryimage\"},\"image\":{\"@id\":\"http:\\\/\\\/www.avensys-software.com\\\/index.php\\\/adobe-creation-digital-photoshop-indesign-acrobat-illustrator-pao\\\/#primaryimage\"},\"thumbnailUrl\":\"http:\\\/\\\/www.avensys-software.com\\\/wp-content\\\/uploads\\\/2022\\\/04\\\/Adobe_Logo_Standard.svg_.png\",\"datePublished\":\"2021-10-30T21:56:49+00:00\",\"dateModified\":\"2022-04-18T13:19:23+00:00\",\"description\":\"Les produits Adobe pour la cr\u00e9ation. Illustrator le dessin. Photoshop le traitement des images. Acrobat publication en ligne.\",\"breadcrumb\":{\"@id\":\"http:\\\/\\\/www.avensys-software.com\\\/index.php\\\/adobe-creation-digital-photoshop-indesign-acrobat-illustrator-pao\\\/#breadcrumb\"},\"inLanguage\":\"en-US\",\"potentialAction\":[{\"@type\":\"ReadAction\",\"target\":[\"http:\\\/\\\/www.avensys-software.com\\\/index.php\\\/adobe-creation-digital-photoshop-indesign-acrobat-illustrator-pao\\\/\"]}]},{\"@type\":\"ImageObject\",\"inLanguage\":\"en-US\",\"@id\":\"http:\\\/\\\/www.avensys-software.com\\\/index.php\\\/adobe-creation-digital-photoshop-indesign-acrobat-illustrator-pao\\\/#primaryimage\",\"url\":\"https:\\\/\\\/www.avensys-software.com\\\/wp-content\\\/uploads\\\/2022\\\/04\\\/Adobe_Logo_Standard.svg_.png\",\"contentUrl\":\"https:\\\/\\\/www.avensys-software.com\\\/wp-content\\\/uploads\\\/2022\\\/04\\\/Adobe_Logo_Standard.svg_.png\",\"width\":744,\"height\":1024},{\"@type\":\"BreadcrumbList\",\"@id\":\"http:\\\/\\\/www.avensys-software.com\\\/index.php\\\/adobe-creation-digital-photoshop-indesign-acrobat-illustrator-pao\\\/#breadcrumb\",\"itemListElement\":[{\"@type\":\"ListItem\",\"position\":1,\"name\":\"Accueil\",\"item\":\"https:\\\/\\\/www.avensys-software.com\\\/\"},{\"@type\":\"ListItem\",\"position\":2,\"name\":\"Adobe\"}]},{\"@type\":\"WebSite\",\"@id\":\"https:\\\/\\\/www.avensys-software.com\\\/#website\",\"url\":\"https:\\\/\\\/www.avensys-software.com\\\/\",\"name\":\"\",\"description\":\"\",\"potentialAction\":[{\"@type\":\"SearchAction\",\"target\":{\"@type\":\"EntryPoint\",\"urlTemplate\":\"https:\\\/\\\/www.avensys-software.com\\\/?s={search_term_string}\"},\"query-input\":{\"@type\":\"PropertyValueSpecification\",\"valueRequired\":true,\"valueName\":\"search_term_string\"}}],\"inLanguage\":\"en-US\"}]}<\/script>\n<!-- \/ Yoast SEO plugin. -->","yoast_head_json":{"title":"Adobe cloud photoshop Acrobat Adobe - Creation Illustrator PAO WEB","description":"Les produits Adobe pour la cr\u00e9ation. Illustrator le dessin. Photoshop le traitement des images. Acrobat publication en ligne.","robots":{"index":"index","follow":"follow","max-snippet":"max-snippet:-1","max-image-preview":"max-image-preview:large","max-video-preview":"max-video-preview:-1"},"canonical":"http:\/\/www.avensys-software.com\/index.php\/adobe-creation-digital-photoshop-indesign-acrobat-illustrator-pao\/","og_locale":"en_US","og_type":"article","og_title":"Adobe cloud photoshop Acrobat Adobe - Creation Illustrator PAO WEB","og_description":"Les produits Adobe pour la cr\u00e9ation. Illustrator le dessin. Photoshop le traitement des images. Acrobat publication en ligne.","og_url":"http:\/\/www.avensys-software.com\/index.php\/adobe-creation-digital-photoshop-indesign-acrobat-illustrator-pao\/","article_modified_time":"2022-04-18T13:19:23+00:00","og_image":[{"url":"http:\/\/www.avensys-software.com\/wp-content\/uploads\/2022\/04\/Adobe_Logo_Standard.svg_.png","type":"","width":"","height":""}],"twitter_card":"summary_large_image","twitter_misc":{"Est. reading time":"2 minutes"},"schema":{"@context":"https:\/\/schema.org","@graph":[{"@type":"WebPage","@id":"http:\/\/www.avensys-software.com\/index.php\/adobe-creation-digital-photoshop-indesign-acrobat-illustrator-pao\/","url":"http:\/\/www.avensys-software.com\/index.php\/adobe-creation-digital-photoshop-indesign-acrobat-illustrator-pao\/","name":"Adobe cloud photoshop Acrobat Adobe - Creation Illustrator PAO WEB","isPartOf":{"@id":"https:\/\/www.avensys-software.com\/#website"},"primaryImageOfPage":{"@id":"http:\/\/www.avensys-software.com\/index.php\/adobe-creation-digital-photoshop-indesign-acrobat-illustrator-pao\/#primaryimage"},"image":{"@id":"http:\/\/www.avensys-software.com\/index.php\/adobe-creation-digital-photoshop-indesign-acrobat-illustrator-pao\/#primaryimage"},"thumbnailUrl":"http:\/\/www.avensys-software.com\/wp-content\/uploads\/2022\/04\/Adobe_Logo_Standard.svg_.png","datePublished":"2021-10-30T21:56:49+00:00","dateModified":"2022-04-18T13:19:23+00:00","description":"Les produits Adobe pour la cr\u00e9ation. Illustrator le dessin. Photoshop le traitement des images. Acrobat publication en ligne.","breadcrumb":{"@id":"http:\/\/www.avensys-software.com\/index.php\/adobe-creation-digital-photoshop-indesign-acrobat-illustrator-pao\/#breadcrumb"},"inLanguage":"en-US","potentialAction":[{"@type":"ReadAction","target":["http:\/\/www.avensys-software.com\/index.php\/adobe-creation-digital-photoshop-indesign-acrobat-illustrator-pao\/"]}]},{"@type":"ImageObject","inLanguage":"en-US","@id":"http:\/\/www.avensys-software.com\/index.php\/adobe-creation-digital-photoshop-indesign-acrobat-illustrator-pao\/#primaryimage","url":"https:\/\/www.avensys-software.com\/wp-content\/uploads\/2022\/04\/Adobe_Logo_Standard.svg_.png","contentUrl":"https:\/\/www.avensys-software.com\/wp-content\/uploads\/2022\/04\/Adobe_Logo_Standard.svg_.png","width":744,"height":1024},{"@type":"BreadcrumbList","@id":"http:\/\/www.avensys-software.com\/index.php\/adobe-creation-digital-photoshop-indesign-acrobat-illustrator-pao\/#breadcrumb","itemListElement":[{"@type":"ListItem","position":1,"name":"Accueil","item":"https:\/\/www.avensys-software.com\/"},{"@type":"ListItem","position":2,"name":"Adobe"}]},{"@type":"WebSite","@id":"https:\/\/www.avensys-software.com\/#website","url":"https:\/\/www.avensys-software.com\/","name":"","description":"","potentialAction":[{"@type":"SearchAction","target":{"@type":"EntryPoint","urlTemplate":"https:\/\/www.avensys-software.com\/?s={search_term_string}"},"query-input":{"@type":"PropertyValueSpecification","valueRequired":true,"valueName":"search_term_string"}}],"inLanguage":"en-US"}]}},"_links":{"self":[{"href":"https:\/\/www.avensys-software.com\/index.php\/wp-json\/wp\/v2\/pages\/7","targetHints":{"allow":["GET"]}}],"collection":[{"href":"https:\/\/www.avensys-software.com\/index.php\/wp-json\/wp\/v2\/pages"}],"about":[{"href":"https:\/\/www.avensys-software.com\/index.php\/wp-json\/wp\/v2\/types\/page"}],"author":[{"embeddable":true,"href":"https:\/\/www.avensys-software.com\/index.php\/wp-json\/wp\/v2\/users\/1"}],"replies":[{"embeddable":true,"href":"https:\/\/www.avensys-software.com\/index.php\/wp-json\/wp\/v2\/comments?post=7"}],"version-history":[{"count":9,"href":"https:\/\/www.avensys-software.com\/index.php\/wp-json\/wp\/v2\/pages\/7\/revisions"}],"predecessor-version":[{"id":73,"href":"https:\/\/www.avensys-software.com\/index.php\/wp-json\/wp\/v2\/pages\/7\/revisions\/73"}],"wp:attachment":[{"href":"https:\/\/www.avensys-software.com\/index.php\/wp-json\/wp\/v2\/media?parent=7"}],"curies":[{"name":"wp","href":"https:\/\/api.w.org\/{rel}","templated":true}]}}