{"id":74,"date":"2022-04-18T16:09:41","date_gmt":"2022-04-18T14:09:41","guid":{"rendered":"http:\/\/www.avensys-software.com\/?page_id=74"},"modified":"2022-04-18T16:48:16","modified_gmt":"2022-04-18T14:48:16","slug":"adobe-education-creative-cloud-document-cloud-marketing-cloud","status":"publish","type":"page","link":"https:\/\/www.avensys-software.com\/index.php\/adobe-creation-digital-photoshop-indesign-acrobat-illustrator-pao\/adobe-education-creative-cloud-document-cloud-marketing-cloud\/","title":{"rendered":"Adobe Education"},"content":{"rendered":"\n<div class=\"wp-block-cover\"><span aria-hidden=\"true\" class=\"has-white-background-color has-background-dim-0 wp-block-cover__gradient-background has-background-dim\"><\/span><img loading=\"lazy\" decoding=\"async\" width=\"1762\" height=\"485\" class=\"wp-block-cover__image-background wp-image-75\" alt=\"\" src=\"http:\/\/www.avensys-software.com\/wp-content\/uploads\/2022\/04\/experience-cloud-banner-3.png\" style=\"object-position:0% 24%\" data-object-fit=\"cover\" data-object-position=\"0% 24%\" srcset=\"https:\/\/www.avensys-software.com\/wp-content\/uploads\/2022\/04\/experience-cloud-banner-3.png 1762w, https:\/\/www.avensys-software.com\/wp-content\/uploads\/2022\/04\/experience-cloud-banner-3-300x83.png 300w, https:\/\/www.avensys-software.com\/wp-content\/uploads\/2022\/04\/experience-cloud-banner-3-1024x282.png 1024w, https:\/\/www.avensys-software.com\/wp-content\/uploads\/2022\/04\/experience-cloud-banner-3-768x211.png 768w, https:\/\/www.avensys-software.com\/wp-content\/uploads\/2022\/04\/experience-cloud-banner-3-1536x423.png 1536w\" sizes=\"auto, (max-width: 1762px) 100vw, 1762px\" \/><div class=\"wp-block-cover__inner-container is-layout-flow wp-block-cover-is-layout-flow\">\n<h2 class=\"has-white-color has-text-color wp-block-heading\">Make the Leap avec Creative Cloud.<\/h2>\n\n\n\n<p class=\"has-white-color has-text-color\">Les outils Adobe permettent aux \u00e9tudiants de penser de mani\u00e8re cr\u00e9ative et de transformer leurs id\u00e9es en tremplin pour leurs \u00e9tudes sup\u00e9rieures ou leur vie active. Et nous proposons des tarifs \u00c9ducation, pour les \u00e9tudiants et les \u00e9tablissements d\u2019enseignement.<\/p>\n<\/div><\/div>\n\n\n\n<h3 class=\"has-black-color has-vivid-cyan-blue-background-color has-text-color has-background wp-block-heading\">Acc\u00e9dez instantan\u00e9ment \u00e0 des cours, des ateliers et des supports p\u00e9dagogiques gratuits sur le portail Adobe Education Exchange. <a href=\"https:\/\/edex.adobe.com\/\">Adh\u00e9rer<\/a><\/h3>\n\n\n\n<p>Dans une \u00e9tude couvrant 18 secteurs d&#8217;activit\u00e9, Adobe a compar\u00e9 deux&nbsp;millions d&#8217;offres d&#8217;emploi avec deux&nbsp;millions de CV afin d\u2019identifier les comp\u00e9tences vraiment recherch\u00e9es par les employeurs. D\u00e9couvrez les comp\u00e9tences les plus pris\u00e9es et comment les \u00e9tudiants peuvent adapter leurs profils et leurs CV pour se diff\u00e9rencier sur un march\u00e9 de l&#8217;emploi en pleine mutation.<br><a href=\"https:\/\/cdn2.hubspot.net\/hubfs\/7381490\/Adobe_April20\/HED\/Assets\/Adobe_Get_Hired_Research_for_HED_Nov2019.pdf?__hstc=190225780.74ef345895b165125974c545372103d9.1629300782249.1629300782249.1629300782249.1&amp;__hssc=190225780.34.1629300782249&amp;__hsfp=1490091850&amp;hsCtaTracking=6a2a4cbb-e814-435e-86c2-147f8cb996fb%7Cc5b0f9f8-0cee-4397-bd6c-881ee55aaefb\" target=\"_blank\" rel=\"noreferrer noopener\">En savoir plus \u203a&nbsp;<\/a><\/p>\n\n\n\n<figure class=\"wp-block-image is-resized\"><img loading=\"lazy\" decoding=\"async\" src=\"https:\/\/www.adobe.com\/content\/dam\/cc\/us\/en\/education\/Graphic-Designer--Desktop.jpg.img.jpg\" alt=\"Lancez-vous avec Creative Cloud\" width=\"839\" height=\"630\"\/><\/figure>\n\n\n\n<h2 class=\"wp-block-heading\">Une id\u00e9e d\u2019avance aujourd\u2019hui. Une longueur d\u2019avance demain.<\/h2>\n\n\n\n<p>Stimuler la cr\u00e9ativit\u00e9 en classe permet aux \u00e9tudiants d\u2019apprendre \u00e0 penser par eux-m\u00eames et \u00e0 collaborer, deux comp\u00e9tences qui les mettront sur la voie du succ\u00e8s.<a href=\"https:\/\/www.adobe.com\/fr\/education.html?marketSegment=EDU#clemson\">Lire<\/a><\/p>\n\n\n\n<h2 class=\"wp-block-heading\">Des ressources gratuites et de l&#8217;inspiration \u00e0 port\u00e9e de main.<\/h2>\n\n\n\n<p>Cr\u00e9\u00e9e par des enseignants pour des enseignants, Adobe Education Exchange est une plateforme d\u2019apprentissage gratuite qui donne acc\u00e8s \u00e0 des tutoriels, des cours, des outils destin\u00e9s \u00e0 stimuler la cr\u00e9ativit\u00e9 en classe et des ressources de d\u00e9veloppement professionnel.<\/p>\n\n\n\n<p><a href=\"https:\/\/edex.adobe.com\/\" target=\"_blank\" rel=\"noreferrer noopener\"><strong>Rejoindre gratuitement la communaut\u00e9 \u203a<\/strong><\/a><\/p>\n\n\n\n<h2 class=\"wp-block-heading\">Faites entrer votre \u00e9tablissement dans l\u2019\u00e8re num\u00e9rique.<\/h2>\n\n\n\n<p>Avec Adobe, les \u00e9tablissements d\u2019enseignement peuvent acc\u00e9l\u00e9rer leur transition vers le num\u00e9rique en adoptant des solutions qui facilitent le recrutement et accroissent la participation des \u00e9tudiants. Les \u00e9tablissements y gagnent en efficacit\u00e9 op\u00e9rationnelle tout en am\u00e9liorant leur sant\u00e9 financi\u00e8re.&nbsp;<\/p>\n\n\n\n<p><a href=\"https:\/\/www.adobe.com\/fr\/creativecloud\/buy\/education.html\">En savoir plus \u203a<\/a><\/p>\n\n\n\n<figure class=\"wp-block-image\"><img decoding=\"async\" src=\"https:\/\/www.adobe.com\/content\/dam\/cc\/us\/en\/education\/edu-overview-cc-345x250.jpg.img.jpg\" alt=\"\"\/><\/figure>\n\n\n\n<figure class=\"wp-block-image\"><img decoding=\"async\" src=\"https:\/\/cc-prod.scene7.com\/is\/image\/CCProdAuthor\/edu-overview-icon-cc-red?$png$&amp;jpegSize=100&amp;wid=74\" alt=\"Creative Cloud\"\/><\/figure>\n\n\n\n<h3 class=\"wp-block-heading\">Creative Cloud<\/h3>\n\n\n\n<p>Offrez \u00e0 vos \u00e9tudiants, vos enseignants et \u00e0 l\u2019ensemble de votre personnel, des applications cr\u00e9atives de r\u00e9f\u00e9rence ainsi que des services mobiles et connect\u00e9s. Creative Cloud leur offre tout ce dont ils ont besoin pour cr\u00e9er des visuels, des vid\u00e9os, du contenu pour le web, des portfolios et bien plus encore.<\/p>\n\n\n\n<p><a href=\"https:\/\/www.adobe.com\/fr\/creativecloud\/buy\/education.html\">En savoir plus \u203a&nbsp;<\/a><\/p>\n\n\n\n<figure class=\"wp-block-image\"><img decoding=\"async\" src=\"https:\/\/www.adobe.com\/content\/dam\/cc\/us\/en\/education\/edu-overview-mc-345x250.jpg.img.jpg\" alt=\"\"\/><\/figure>\n\n\n\n<figure class=\"wp-block-image\"><img decoding=\"async\" src=\"https:\/\/www.adobe.com\/content\/dam\/cc\/us\/en\/education\/edu-overview-icon-mc-red.png.img.png\" alt=\"Marketing Cloud\"\/><\/figure>\n\n\n\n<h3 class=\"wp-block-heading\">Marketing Cloud<\/h3>\n\n\n\n<p>Aidez les \u00e9quipes en charge de vos admissions, de vos anciens \u00e9l\u00e8ves et de votre d\u00e9veloppement \u00e0 mieux comprendre les publics auxquels elles s\u2019adressent pour cr\u00e9er des communications et des contenus pertinents.<\/p>\n\n\n\n<p><a href=\"https:\/\/www.adobe.com\/fr\/marketing-cloud.html\">En savoir plus \u203a&nbsp;<\/a><\/p>\n\n\n\n<figure class=\"wp-block-image\"><img decoding=\"async\" src=\"https:\/\/www.adobe.com\/content\/dam\/cc\/us\/en\/education\/edu-overview-dc-345x250.jpg.img.jpg\" alt=\"\"\/><\/figure>\n\n\n\n<figure class=\"wp-block-image\"><img decoding=\"async\" src=\"https:\/\/www.adobe.com\/content\/dam\/cc\/us\/en\/education\/edu-overview-icon-dc-red.png.img.png\" alt=\"Marketing Cloud\"\/><\/figure>\n\n\n\n<h3 class=\"wp-block-heading\">Document Cloud<\/h3>\n\n\n\n<p>Cr\u00e9ez, relisez, \u00e9ditez, signez et suivez vos documents importants, y compris des demandes de bourses, de logements, et des contrats de travail en toute mobilit\u00e9.<\/p>\n\n\n\n<p><a href=\"https:\/\/acrobat.adobe.com\/fr\/fr\">En savoir plus \u203a&nbsp;<\/a><\/p>\n","protected":false},"excerpt":{"rendered":"<p>Acc\u00e9dez instantan\u00e9ment \u00e0 des cours, des ateliers et des supports p\u00e9dagogiques gratuits sur le portail Adobe Education Exchange. Adh\u00e9rer Dans une \u00e9tude couvrant 18 secteurs d&#8217;activit\u00e9, Adobe a compar\u00e9 deux&nbsp;millions d&#8217;offres d&#8217;emploi avec deux&nbsp;millions de CV afin d\u2019identifier les comp\u00e9tences vraiment recherch\u00e9es par les employeurs. D\u00e9couvrez les comp\u00e9tences les plus pris\u00e9es et comment les \u00e9tudiants [&hellip;]<\/p>\n","protected":false},"author":1,"featured_media":0,"parent":7,"menu_order":0,"comment_status":"closed","ping_status":"closed","template":"","meta":{"footnotes":""},"class_list":["post-74","page","type-page","status-publish","hentry"],"yoast_head":"<!-- This site is optimized with the Yoast SEO plugin v27.4 - https:\/\/yoast.com\/product\/yoast-seo-wordpress\/ -->\n<title>Adobe Education  adobe education creative cloud<\/title>\n<meta name=\"description\" content=\"adobe education creative cloud-document cloud-marketing cloud\" \/>\n<meta name=\"robots\" content=\"index, follow, max-snippet:-1, max-image-preview:large, max-video-preview:-1\" \/>\n<link rel=\"canonical\" href=\"http:\/\/www.avensys-software.com\/index.php\/adobe-creation-digital-photoshop-indesign-acrobat-illustrator-pao\/adobe-education-creative-cloud-document-cloud-marketing-cloud\/\" \/>\n<meta property=\"og:locale\" content=\"en_US\" \/>\n<meta property=\"og:type\" content=\"article\" \/>\n<meta property=\"og:title\" content=\"Adobe Education  adobe education creative cloud\" \/>\n<meta property=\"og:description\" content=\"adobe education creative cloud-document cloud-marketing cloud\" \/>\n<meta property=\"og:url\" content=\"http:\/\/www.avensys-software.com\/index.php\/adobe-creation-digital-photoshop-indesign-acrobat-illustrator-pao\/adobe-education-creative-cloud-document-cloud-marketing-cloud\/\" \/>\n<meta property=\"article:modified_time\" content=\"2022-04-18T14:48:16+00:00\" \/>\n<meta property=\"og:image\" content=\"http:\/\/www.avensys-software.com\/wp-content\/uploads\/2022\/04\/experience-cloud-banner-3.png\" \/>\n<meta name=\"twitter:card\" content=\"summary_large_image\" \/>\n<meta name=\"twitter:label1\" content=\"Est. reading time\" \/>\n\t<meta name=\"twitter:data1\" content=\"4 minutes\" \/>\n<script type=\"application\/ld+json\" class=\"yoast-schema-graph\">{\"@context\":\"https:\\\/\\\/schema.org\",\"@graph\":[{\"@type\":\"WebPage\",\"@id\":\"http:\\\/\\\/www.avensys-software.com\\\/index.php\\\/adobe-creation-digital-photoshop-indesign-acrobat-illustrator-pao\\\/adobe-education-creative-cloud-document-cloud-marketing-cloud\\\/\",\"url\":\"http:\\\/\\\/www.avensys-software.com\\\/index.php\\\/adobe-creation-digital-photoshop-indesign-acrobat-illustrator-pao\\\/adobe-education-creative-cloud-document-cloud-marketing-cloud\\\/\",\"name\":\"Adobe Education adobe education creative cloud\",\"isPartOf\":{\"@id\":\"https:\\\/\\\/www.avensys-software.com\\\/#website\"},\"primaryImageOfPage\":{\"@id\":\"http:\\\/\\\/www.avensys-software.com\\\/index.php\\\/adobe-creation-digital-photoshop-indesign-acrobat-illustrator-pao\\\/adobe-education-creative-cloud-document-cloud-marketing-cloud\\\/#primaryimage\"},\"image\":{\"@id\":\"http:\\\/\\\/www.avensys-software.com\\\/index.php\\\/adobe-creation-digital-photoshop-indesign-acrobat-illustrator-pao\\\/adobe-education-creative-cloud-document-cloud-marketing-cloud\\\/#primaryimage\"},\"thumbnailUrl\":\"http:\\\/\\\/www.avensys-software.com\\\/wp-content\\\/uploads\\\/2022\\\/04\\\/experience-cloud-banner-3.png\",\"datePublished\":\"2022-04-18T14:09:41+00:00\",\"dateModified\":\"2022-04-18T14:48:16+00:00\",\"description\":\"adobe education creative cloud-document cloud-marketing cloud\",\"breadcrumb\":{\"@id\":\"http:\\\/\\\/www.avensys-software.com\\\/index.php\\\/adobe-creation-digital-photoshop-indesign-acrobat-illustrator-pao\\\/adobe-education-creative-cloud-document-cloud-marketing-cloud\\\/#breadcrumb\"},\"inLanguage\":\"en-US\",\"potentialAction\":[{\"@type\":\"ReadAction\",\"target\":[\"http:\\\/\\\/www.avensys-software.com\\\/index.php\\\/adobe-creation-digital-photoshop-indesign-acrobat-illustrator-pao\\\/adobe-education-creative-cloud-document-cloud-marketing-cloud\\\/\"]}]},{\"@type\":\"ImageObject\",\"inLanguage\":\"en-US\",\"@id\":\"http:\\\/\\\/www.avensys-software.com\\\/index.php\\\/adobe-creation-digital-photoshop-indesign-acrobat-illustrator-pao\\\/adobe-education-creative-cloud-document-cloud-marketing-cloud\\\/#primaryimage\",\"url\":\"https:\\\/\\\/www.avensys-software.com\\\/wp-content\\\/uploads\\\/2022\\\/04\\\/experience-cloud-banner-3.png\",\"contentUrl\":\"https:\\\/\\\/www.avensys-software.com\\\/wp-content\\\/uploads\\\/2022\\\/04\\\/experience-cloud-banner-3.png\",\"width\":1762,\"height\":485},{\"@type\":\"BreadcrumbList\",\"@id\":\"http:\\\/\\\/www.avensys-software.com\\\/index.php\\\/adobe-creation-digital-photoshop-indesign-acrobat-illustrator-pao\\\/adobe-education-creative-cloud-document-cloud-marketing-cloud\\\/#breadcrumb\",\"itemListElement\":[{\"@type\":\"ListItem\",\"position\":1,\"name\":\"Accueil\",\"item\":\"https:\\\/\\\/www.avensys-software.com\\\/\"},{\"@type\":\"ListItem\",\"position\":2,\"name\":\"Adobe\",\"item\":\"http:\\\/\\\/www.avensys-software.com\\\/index.php\\\/adobe-creation-digital-photoshop-indesign-acrobat-illustrator-pao\\\/\"},{\"@type\":\"ListItem\",\"position\":3,\"name\":\"Adobe Education\"}]},{\"@type\":\"WebSite\",\"@id\":\"https:\\\/\\\/www.avensys-software.com\\\/#website\",\"url\":\"https:\\\/\\\/www.avensys-software.com\\\/\",\"name\":\"\",\"description\":\"\",\"potentialAction\":[{\"@type\":\"SearchAction\",\"target\":{\"@type\":\"EntryPoint\",\"urlTemplate\":\"https:\\\/\\\/www.avensys-software.com\\\/?s={search_term_string}\"},\"query-input\":{\"@type\":\"PropertyValueSpecification\",\"valueRequired\":true,\"valueName\":\"search_term_string\"}}],\"inLanguage\":\"en-US\"}]}<\/script>\n<!-- \/ Yoast SEO plugin. -->","yoast_head_json":{"title":"Adobe Education  adobe education creative cloud","description":"adobe education creative cloud-document cloud-marketing cloud","robots":{"index":"index","follow":"follow","max-snippet":"max-snippet:-1","max-image-preview":"max-image-preview:large","max-video-preview":"max-video-preview:-1"},"canonical":"http:\/\/www.avensys-software.com\/index.php\/adobe-creation-digital-photoshop-indesign-acrobat-illustrator-pao\/adobe-education-creative-cloud-document-cloud-marketing-cloud\/","og_locale":"en_US","og_type":"article","og_title":"Adobe Education  adobe education creative cloud","og_description":"adobe education creative cloud-document cloud-marketing cloud","og_url":"http:\/\/www.avensys-software.com\/index.php\/adobe-creation-digital-photoshop-indesign-acrobat-illustrator-pao\/adobe-education-creative-cloud-document-cloud-marketing-cloud\/","article_modified_time":"2022-04-18T14:48:16+00:00","og_image":[{"url":"http:\/\/www.avensys-software.com\/wp-content\/uploads\/2022\/04\/experience-cloud-banner-3.png","type":"","width":"","height":""}],"twitter_card":"summary_large_image","twitter_misc":{"Est. reading time":"4 minutes"},"schema":{"@context":"https:\/\/schema.org","@graph":[{"@type":"WebPage","@id":"http:\/\/www.avensys-software.com\/index.php\/adobe-creation-digital-photoshop-indesign-acrobat-illustrator-pao\/adobe-education-creative-cloud-document-cloud-marketing-cloud\/","url":"http:\/\/www.avensys-software.com\/index.php\/adobe-creation-digital-photoshop-indesign-acrobat-illustrator-pao\/adobe-education-creative-cloud-document-cloud-marketing-cloud\/","name":"Adobe Education adobe education creative cloud","isPartOf":{"@id":"https:\/\/www.avensys-software.com\/#website"},"primaryImageOfPage":{"@id":"http:\/\/www.avensys-software.com\/index.php\/adobe-creation-digital-photoshop-indesign-acrobat-illustrator-pao\/adobe-education-creative-cloud-document-cloud-marketing-cloud\/#primaryimage"},"image":{"@id":"http:\/\/www.avensys-software.com\/index.php\/adobe-creation-digital-photoshop-indesign-acrobat-illustrator-pao\/adobe-education-creative-cloud-document-cloud-marketing-cloud\/#primaryimage"},"thumbnailUrl":"http:\/\/www.avensys-software.com\/wp-content\/uploads\/2022\/04\/experience-cloud-banner-3.png","datePublished":"2022-04-18T14:09:41+00:00","dateModified":"2022-04-18T14:48:16+00:00","description":"adobe education creative cloud-document cloud-marketing cloud","breadcrumb":{"@id":"http:\/\/www.avensys-software.com\/index.php\/adobe-creation-digital-photoshop-indesign-acrobat-illustrator-pao\/adobe-education-creative-cloud-document-cloud-marketing-cloud\/#breadcrumb"},"inLanguage":"en-US","potentialAction":[{"@type":"ReadAction","target":["http:\/\/www.avensys-software.com\/index.php\/adobe-creation-digital-photoshop-indesign-acrobat-illustrator-pao\/adobe-education-creative-cloud-document-cloud-marketing-cloud\/"]}]},{"@type":"ImageObject","inLanguage":"en-US","@id":"http:\/\/www.avensys-software.com\/index.php\/adobe-creation-digital-photoshop-indesign-acrobat-illustrator-pao\/adobe-education-creative-cloud-document-cloud-marketing-cloud\/#primaryimage","url":"https:\/\/www.avensys-software.com\/wp-content\/uploads\/2022\/04\/experience-cloud-banner-3.png","contentUrl":"https:\/\/www.avensys-software.com\/wp-content\/uploads\/2022\/04\/experience-cloud-banner-3.png","width":1762,"height":485},{"@type":"BreadcrumbList","@id":"http:\/\/www.avensys-software.com\/index.php\/adobe-creation-digital-photoshop-indesign-acrobat-illustrator-pao\/adobe-education-creative-cloud-document-cloud-marketing-cloud\/#breadcrumb","itemListElement":[{"@type":"ListItem","position":1,"name":"Accueil","item":"https:\/\/www.avensys-software.com\/"},{"@type":"ListItem","position":2,"name":"Adobe","item":"http:\/\/www.avensys-software.com\/index.php\/adobe-creation-digital-photoshop-indesign-acrobat-illustrator-pao\/"},{"@type":"ListItem","position":3,"name":"Adobe Education"}]},{"@type":"WebSite","@id":"https:\/\/www.avensys-software.com\/#website","url":"https:\/\/www.avensys-software.com\/","name":"","description":"","potentialAction":[{"@type":"SearchAction","target":{"@type":"EntryPoint","urlTemplate":"https:\/\/www.avensys-software.com\/?s={search_term_string}"},"query-input":{"@type":"PropertyValueSpecification","valueRequired":true,"valueName":"search_term_string"}}],"inLanguage":"en-US"}]}},"_links":{"self":[{"href":"https:\/\/www.avensys-software.com\/index.php\/wp-json\/wp\/v2\/pages\/74","targetHints":{"allow":["GET"]}}],"collection":[{"href":"https:\/\/www.avensys-software.com\/index.php\/wp-json\/wp\/v2\/pages"}],"about":[{"href":"https:\/\/www.avensys-software.com\/index.php\/wp-json\/wp\/v2\/types\/page"}],"author":[{"embeddable":true,"href":"https:\/\/www.avensys-software.com\/index.php\/wp-json\/wp\/v2\/users\/1"}],"replies":[{"embeddable":true,"href":"https:\/\/www.avensys-software.com\/index.php\/wp-json\/wp\/v2\/comments?post=74"}],"version-history":[{"count":4,"href":"https:\/\/www.avensys-software.com\/index.php\/wp-json\/wp\/v2\/pages\/74\/revisions"}],"predecessor-version":[{"id":81,"href":"https:\/\/www.avensys-software.com\/index.php\/wp-json\/wp\/v2\/pages\/74\/revisions\/81"}],"up":[{"embeddable":true,"href":"https:\/\/www.avensys-software.com\/index.php\/wp-json\/wp\/v2\/pages\/7"}],"wp:attachment":[{"href":"https:\/\/www.avensys-software.com\/index.php\/wp-json\/wp\/v2\/media?parent=74"}],"curies":[{"name":"wp","href":"https:\/\/api.w.org\/{rel}","templated":true}]}}